{"id":13,"date":"2023-09-09T08:32:01","date_gmt":"2023-09-09T06:32:01","guid":{"rendered":"https:\/\/cleliafarnoux.com\/?page_id=13"},"modified":"2025-04-12T16:54:52","modified_gmt":"2025-04-12T14:54:52","slug":"a-propos","status":"publish","type":"page","link":"https:\/\/cleliafarnoux.com\/index.php\/a-propos\/","title":{"rendered":"A propos"},"content":{"rendered":"<p><img loading=\"lazy\" decoding=\"async\" width=\"530\" height=\"800\" src=\"https:\/\/cleliafarnoux.com\/wp-content\/uploads\/2025\/04\/020019950015-530x800.jpg\" alt=\"\" srcset=\"https:\/\/cleliafarnoux.com\/wp-content\/uploads\/2025\/04\/020019950015-530x800.jpg 530w, https:\/\/cleliafarnoux.com\/wp-content\/uploads\/2025\/04\/020019950015-768x1159.jpg 768w, https:\/\/cleliafarnoux.com\/wp-content\/uploads\/2025\/04\/020019950015-400x604.jpg 400w, https:\/\/cleliafarnoux.com\/wp-content\/uploads\/2025\/04\/020019950015.jpg 795w\" sizes=\"auto, (max-width: 530px) 100vw, 530px\" \/>\t\t\t\t\t\t\t\t\t\t\t\t\t\t\t<\/p>\n<p style=\"text-align: justify;\">Cl\u00e9lia Farnoux est artiste plasticienne et \u00e9crivaine \u00e0 Paris. Elle a fait ses \u00e9tudes aux Beaux-arts de Valence, o\u00f9 elle a obtenu son DNSEP avec les f\u00e9licitations du jury en 2023. Elle pratique plusieurs m\u00e9diums, tels que la peinture, la photographie, l\u2019\u00e9criture, l\u2019installation ou le son.<\/p>\n<p style=\"text-align: justify;\">Elle travaille sur les espaces urbains, p\u00e9ri-urbains et virtuels et sur leurs ressources textuelles. Elle observe et joue avec des ph\u00e9nom\u00e8nes d\u2019urbanisation, qui donnent lieu \u00e0 l\u2019apparition d\u2019espaces d\u00e9laiss\u00e9s, de friches, de zones en construction et d\u2019accidents, remettant en question les notions de fronti\u00e8res \u00e0 la fois structurelles et s\u00e9mantiques. Elle explore ces espaces comme des terrains d&rsquo;expression et de transformation, o\u00f9 les limites entre le construit et le laiss\u00e9-pour-compte se brouillent. \u00c0 travers une approche \u00e0 la fois visuelle et conceptuelle, elle interroge la mani\u00e8re dont ces lieux racontent des histoires, accumulent des strates de m\u00e9moire et refl\u00e8tent des tensions sociales et culturelles.<\/p>\n<p style=\"text-align: justify;\">En m\u00ealant diff\u00e9rents m\u00e9diums, elle met en lumi\u00e8re la po\u00e9sie inh\u00e9rente aux zones marginales et les paradoxes qu&rsquo;elles incarnent : entre l\u2019abandon et la potentialit\u00e9, l\u2019ordre et le chaos, la fragilit\u00e9 et la r\u00e9silience.<\/p>\n<p style=\"text-align: justify;\">Ses \u0153uvres capturent la transition et la mutation, cherchant \u00e0 r\u00e9v\u00e9ler les liens invisibles entre ces espaces et les dynamiques humaines, \u00e9conomiques ou technologiques qui les fa\u00e7onnent. \u00c0 travers ce travail, elle invite \u00e0 repenser la mani\u00e8re dont nous percevons et habitons les lieux, qu\u2019ils soient physiques ou virtuels.<\/p>\n<p style=\"text-align: justify;\">On retrouve ainsi dans son travail une dualit\u00e9 entre la saturation d\u2019informations qui peuple notre quotidien et la place de l\u2019intime dans les structures collectives. Sous un climat d\u2019humour et de l\u00e9g\u00e8ret\u00e9 apparente, elle montre en fait une certaine impossibilit\u00e9 \u00e0 communiquer. Ses \u0153uvres, souvent caract\u00e9ris\u00e9es par des compositions bruyantes et color\u00e9es, explorent les nuances de l&rsquo;isolement moderne. \u00c0 travers des sc\u00e8nes o\u00f9 la pr\u00e9sence humaine semblent \u00e0 la fois proche et distante, elle illustre la dualit\u00e9 des relations \u00e0 l\u2019heure d\u2019une soci\u00e9t\u00e9 post-num\u00e9rique. En incorporant des \u00e9l\u00e9ments de la culture populaire et des symboles contemporains, son travail invite le spectateur \u00e0 r\u00e9fl\u00e9chir sur la superficialit\u00e9 des interactions sociales et la qu\u00eate incessante de connexion v\u00e9ritable.<\/p>\n<h1>Projets de Cl\u00e9lia Farnoux<\/h1>\n<h2>2024<\/h2>\n<ul>\n<li>Exposition \u00ab\u00a0Stimuli\u00a0\u00bb \u00e0 la galerie Kiff et Marais,17 rue des Gravilliers, 75003 Paris<\/li>\n<li>Participation \u00e0 la foire d&rsquo;art contemporain ArtUp! \u00e0 Grenoble en avril 2024<\/li>\n<\/ul>\n<h2>2023<\/h2>\n<ul>\n<li>Obtention du DNESP avec les f\u00e9licitations du jury<\/li>\n<li>Auto-\u00e9dition de l&rsquo;anthologie\u00a0<em>M\u00e9moire Vive, 2018 &#8211; 2023<\/em><\/li>\n<li>Auto-\u00e9dition du livre de photographies\u00a0<em>SREET!<\/em><\/li>\n<\/ul>\n<h2>2022<\/h2>\n<ul>\n<li>M\u00e9moire de fin d&rsquo;\u00e9tudes,\u00a0<em><a href=\"https:\/\/www.instagram.com\/d_une_ville_a_l_autre\/?hl=fr\">D&rsquo;une ville \u00e0 l&rsquo;autre: mat\u00e9rialit\u00e9, langage et cr\u00e9ation dans les espaces urbains et virtuels<\/a>, Instagram: @d_une_ville_a_l_autre<\/em><\/li>\n<li>Participation \u00e0 l&rsquo;\u00e9v\u00e8nement de performances<em>\u00a0Polyvalences Bord\u00e9lix<\/em>, sur une invitation des\u00a0<a href=\"http:\/\/www.leslaboratoires.org\/\">Laboratoires d\u2019Aubervilliers<\/a>.<\/li>\n<li>Animation du workshop Tout Le Monde Sait Ecrire, sur l\u2019\u00e9criture et l\u2019autogestion lors des journ\u00e9es P\u00e9dagogies Critiques \u00e0 l\u2019ESAD Grenoble, en collaboration avec\u00a0<a href=\"https:\/\/www.instagram.com\/enaelfrst\/\">Ena\u00eblle Forest<\/a>\u00a0et\u00a0<a href=\"https:\/\/yushaly.fr\/\">Yusha Ly<\/a>.<\/li>\n<\/ul>\n<h2>2021<\/h2>\n<ul>\n<li>Obtention du DNA avec les f\u00e9licitations du jury<\/li>\n<li>Conception de l&rsquo;\u00e9mission radiophonique \u00ab\u00a0Le\u00a0<em>Mur du Son<\/em>\u00a0\u00bb avec\u00a0<a href=\"https:\/\/radiodici.com\/\">Radio d\u2019Ici<\/a>,\u00a0<a href=\"https:\/\/www.radio-mega.com\/\">Radio M\u00e9ga<\/a>\u00a0et Groupe d\u2019Art Contemporain (<a href=\"https:\/\/www.gac-annonay.fr\/\">GAC<\/a>) \u00e0 Annonay.<\/li>\n<li>Participation \u00e0 l\u2019\u00e9criture du roman graphique\u00a0<em>Sous nos yeux<\/em>, dirig\u00e9 par Marc Lain\u00e9 et Stephan Zimmerli, avec le centre national dramatique\u00a0<a href=\"https:\/\/www.comediedevalence.com\/\">Com\u00e9die de Valence<\/a>.<\/li>\n<li>Cr\u00e9ation en collaboration avec<a href=\"https:\/\/www.instagram.com\/enaelfrst\/\">\u00a0Ena\u00eblle Forest<\/a>\u00a0et Yael Perlman de l&rsquo;atelier de recherches et cr\u00e9ations d&rsquo;\u00e9criture en autogestion\u00a0<a href=\"https:\/\/www.instagram.com\/autoarctlmse\/?hl=fr\">Tout Le Monde Sait Ecrire<\/a>. Cet atelier cr\u00e9dit\u00e9 au sein de l&rsquo;ESAD Valence est inspir\u00e9 par celui pens\u00e9 par\u00a0<a href=\"https:\/\/cargocollective.com\/madeleine-aktypi\">Madeleine Aktypi<\/a>\u00a0et\u00a0<a href=\"https:\/\/www.galerie-paradise.fr\/assets\/pdf\/artistes\/loreto-martinez-troncoso.pdf\">Loreto Martinez Troncoso<\/a>, enseignantes sur le site jusqu&rsquo;en 2021.<\/li>\n<\/ul>\n<h2>2020<\/h2>\n<ul>\n<li>Cr\u00e9ation de contenus visuels et sonores et montage de la vid\u00e9o\u00a0<a href=\"https:\/\/www.youtube.com\/watch?v=bsgrcHE-cX8&amp;t=141s\">ZOOMOSA\u00cfQUE<\/a>\u00a0sur une invitation des\u00a0<a href=\"http:\/\/www.leslaboratoires.org\/\">Laboratoires d\u2019Aubervilliers<\/a>\u00a0pour l&rsquo;\u00e9v\u00e8nement Mosa\u00efque des Lexiques #17.<\/li>\n<\/ul>\n","protected":false},"excerpt":{"rendered":"<p>Cl\u00e9lia Farnoux est artiste plasticienne et \u00e9crivaine \u00e0 Paris. Elle a fait ses \u00e9tudes aux Beaux-arts de Valence, o\u00f9 elle a obtenu son DNSEP avec les f\u00e9licitations du jury en 2023. Elle pratique plusieurs m\u00e9diums, tels que la peinture, la photographie, l\u2019\u00e9criture, l\u2019installation ou le son. Elle travaille sur les espaces urbains, p\u00e9ri-urbains et virtuels [&hellip;]<\/p>\n","protected":false},"author":1,"featured_media":0,"parent":0,"menu_order":9,"comment_status":"closed","ping_status":"closed","template":"","meta":{"_eb_attr":"","footnotes":""},"class_list":["post-13","page","type-page","status-publish","hentry"],"_links":{"self":[{"href":"https:\/\/cleliafarnoux.com\/index.php\/wp-json\/wp\/v2\/pages\/13","targetHints":{"allow":["GET"]}}],"collection":[{"href":"https:\/\/cleliafarnoux.com\/index.php\/wp-json\/wp\/v2\/pages"}],"about":[{"href":"https:\/\/cleliafarnoux.com\/index.php\/wp-json\/wp\/v2\/types\/page"}],"author":[{"embeddable":true,"href":"https:\/\/cleliafarnoux.com\/index.php\/wp-json\/wp\/v2\/users\/1"}],"replies":[{"embeddable":true,"href":"https:\/\/cleliafarnoux.com\/index.php\/wp-json\/wp\/v2\/comments?post=13"}],"version-history":[{"count":0,"href":"https:\/\/cleliafarnoux.com\/index.php\/wp-json\/wp\/v2\/pages\/13\/revisions"}],"wp:attachment":[{"href":"https:\/\/cleliafarnoux.com\/index.php\/wp-json\/wp\/v2\/media?parent=13"}],"curies":[{"name":"wp","href":"https:\/\/api.w.org\/{rel}","templated":true}]}}