{"id":1320,"date":"2025-04-10T13:30:19","date_gmt":"2025-04-10T11:30:19","guid":{"rendered":"https:\/\/cleliafarnoux.com\/?page_id=1320"},"modified":"2025-10-23T14:38:31","modified_gmt":"2025-10-23T12:38:31","slug":"stimuli-galerie-kiff-et-marais","status":"publish","type":"page","link":"https:\/\/cleliafarnoux.com\/index.php\/stimuli-galerie-kiff-et-marais\/","title":{"rendered":"Stimuli \/ Galerie Kiff et Marais, 2024"},"content":{"rendered":"<p style=\"text-align: justify;\"><strong>Exposition personnelle de Cl\u00e9lia Farnoux<\/strong><br \/><em>Galerie Kiff et Marais, 75004, d\u00e9cembre 2024<\/em><\/p>\n<p style=\"text-align: justify;\"><!-- \/wp:post-content --><!-- wp:paragraph {\"className\":\"\"} --><\/p>\n<p style=\"text-align: justify;\">Dans <em>Stimuli<\/em>, Cl\u00e9lia Farnoux pr\u00e9sente une s\u00e9rie d&rsquo;\u0153uvres r\u00e9centes, \u00e0 la crois\u00e9e de la peinture et du langage, de l\u2019espace urbain et de l\u2019intime. Les toiles, compos\u00e9es de formes simples et r\u00e9p\u00e9t\u00e9es \u2013 immeubles stylis\u00e9s, fen\u00eatres align\u00e9es, signes et symboles \u2013 interrogent notre rapport \u00e0 la ville, \u00e0 l\u2019habitat, au \u00ab\u00a0chez soi\u00a0\u00bb.<\/p>\n<p style=\"text-align: justify;\"><!-- \/wp:paragraph --><!-- wp:paragraph {\"className\":\"\"} --><\/p>\n<p style=\"text-align: justify;\">Avec une palette r\u00e9duite mais vibrante, m\u00ealant vide et saturation, Cl\u00e9lia Farnoux capte des fragments d\u2019environnement qui deviennent autant de d\u00e9clencheurs \u00e9motionnels \u2013 des <em>stimuli<\/em>. Chaque composition agit comme un \u00e9cho visuel : elle sugg\u00e8re une pr\u00e9sence, une m\u00e9moire ou une absence, dans une tension permanente entre abstraction et narration.<\/p>\n<p style=\"text-align: justify;\"><!-- \/wp:paragraph --><!-- wp:paragraph --><\/p>\n<p style=\"text-align: justify;\">L\u2019exposition propose un parcours \u00e0 la fois silencieux et dense, o\u00f9 les b\u00e2timents semblent flotter dans un espace suspendu. Ils se dressent comme des figures solitaires, autant d\u2019auto-portraits d\u00e9guis\u00e9s qui traduisent une solitude contemporaine, po\u00e9tique et universelle.<\/p>\n<p><!-- \/wp:paragraph --><\/p>\t\t\n\t\t\t\t\t\t\t\t\t\t\t\t\t\t\t<img loading=\"lazy\" decoding=\"async\" width=\"520\" height=\"334\" src=\"https:\/\/cleliafarnoux.com\/wp-content\/uploads\/2025\/04\/Accrochage-K-et-M-4.jpg\" alt=\"\" srcset=\"https:\/\/cleliafarnoux.com\/wp-content\/uploads\/2025\/04\/Accrochage-K-et-M-4.jpg 1200w, https:\/\/cleliafarnoux.com\/wp-content\/uploads\/2025\/04\/Accrochage-K-et-M-4-800x514.jpg 800w, https:\/\/cleliafarnoux.com\/wp-content\/uploads\/2025\/04\/Accrochage-K-et-M-4-768x493.jpg 768w, https:\/\/cleliafarnoux.com\/wp-content\/uploads\/2025\/04\/Accrochage-K-et-M-4-400x257.jpg 400w\" sizes=\"auto, (max-width: 520px) 100vw, 520px\" \/>\t\t\t\t\t\t\t\t\t\t\t\t\t\t\t\n\t\t\t\t\t\t\t\t\t\t\t\t\t\t\t<img loading=\"lazy\" decoding=\"async\" width=\"520\" height=\"520\" src=\"https:\/\/cleliafarnoux.com\/wp-content\/uploads\/2025\/04\/Accrochage-K-et-M-3.jpg\" alt=\"\" srcset=\"https:\/\/cleliafarnoux.com\/wp-content\/uploads\/2025\/04\/Accrochage-K-et-M-3.jpg 1200w, https:\/\/cleliafarnoux.com\/wp-content\/uploads\/2025\/04\/Accrochage-K-et-M-3-800x800.jpg 800w, https:\/\/cleliafarnoux.com\/wp-content\/uploads\/2025\/04\/Accrochage-K-et-M-3-150x150.jpg 150w, https:\/\/cleliafarnoux.com\/wp-content\/uploads\/2025\/04\/Accrochage-K-et-M-3-768x768.jpg 768w, https:\/\/cleliafarnoux.com\/wp-content\/uploads\/2025\/04\/Accrochage-K-et-M-3-400x400.jpg 400w, https:\/\/cleliafarnoux.com\/wp-content\/uploads\/2025\/04\/Accrochage-K-et-M-3-100x100.jpg 100w\" sizes=\"auto, (max-width: 520px) 100vw, 520px\" \/>\t\t\t\t\t\t\t\t\t\t\t\t\t\t\t\n\t\t\t\t\t\t\t\t\t\t\t\t\t\t\t<img loading=\"lazy\" decoding=\"async\" width=\"520\" height=\"345\" src=\"https:\/\/cleliafarnoux.com\/wp-content\/uploads\/2025\/04\/Accrochage-K-et-M-2.jpg\" alt=\"\" srcset=\"https:\/\/cleliafarnoux.com\/wp-content\/uploads\/2025\/04\/Accrochage-K-et-M-2.jpg 1200w, https:\/\/cleliafarnoux.com\/wp-content\/uploads\/2025\/04\/Accrochage-K-et-M-2-800x531.jpg 800w, https:\/\/cleliafarnoux.com\/wp-content\/uploads\/2025\/04\/Accrochage-K-et-M-2-768x510.jpg 768w, https:\/\/cleliafarnoux.com\/wp-content\/uploads\/2025\/04\/Accrochage-K-et-M-2-400x266.jpg 400w\" sizes=\"auto, (max-width: 520px) 100vw, 520px\" \/>\t\t\t\t\t\t\t\t\t\t\t\t\t\t\t\n\t\t\t\t\t\t\t\t\t\t\t\t\t\t\t<img loading=\"lazy\" decoding=\"async\" width=\"520\" height=\"364\" src=\"https:\/\/cleliafarnoux.com\/wp-content\/uploads\/2025\/04\/Accrochage-K-et-M.jpg\" alt=\"\" srcset=\"https:\/\/cleliafarnoux.com\/wp-content\/uploads\/2025\/04\/Accrochage-K-et-M.jpg 1200w, https:\/\/cleliafarnoux.com\/wp-content\/uploads\/2025\/04\/Accrochage-K-et-M-800x561.jpg 800w, https:\/\/cleliafarnoux.com\/wp-content\/uploads\/2025\/04\/Accrochage-K-et-M-768x538.jpg 768w, https:\/\/cleliafarnoux.com\/wp-content\/uploads\/2025\/04\/Accrochage-K-et-M-400x280.jpg 400w\" sizes=\"auto, (max-width: 520px) 100vw, 520px\" \/>\t\t\t\t\t\t\t\t\t\t\t\t\t\t\t\n\t\t\t\t\t\t\t\t\t\t\t\t\t\t\t<img loading=\"lazy\" decoding=\"async\" width=\"520\" height=\"365\" src=\"https:\/\/cleliafarnoux.com\/wp-content\/uploads\/2025\/01\/peripheries-2.jpg\" alt=\"\" srcset=\"https:\/\/cleliafarnoux.com\/wp-content\/uploads\/2025\/01\/peripheries-2.jpg 1200w, https:\/\/cleliafarnoux.com\/wp-content\/uploads\/2025\/01\/peripheries-2-800x562.jpg 800w, https:\/\/cleliafarnoux.com\/wp-content\/uploads\/2025\/01\/peripheries-2-768x540.jpg 768w, https:\/\/cleliafarnoux.com\/wp-content\/uploads\/2025\/01\/peripheries-2-400x281.jpg 400w\" sizes=\"auto, (max-width: 520px) 100vw, 520px\" \/>","protected":false},"excerpt":{"rendered":"<p>Exposition personnelle de Cl\u00e9lia FarnouxGalerie Kiff et Marais, 75004, d\u00e9cembre 2024 Dans Stimuli, Cl\u00e9lia Farnoux pr\u00e9sente une s\u00e9rie d&rsquo;\u0153uvres r\u00e9centes, [&hellip;]<\/p>\n","protected":false},"author":1,"featured_media":0,"parent":0,"menu_order":1,"comment_status":"closed","ping_status":"closed","template":"","meta":{"site-sidebar-layout":"default","site-content-layout":"","ast-site-content-layout":"default","site-content-style":"default","site-sidebar-style":"default","ast-global-header-display":"","ast-banner-title-visibility":"","ast-main-header-display":"","ast-hfb-above-header-display":"","ast-hfb-below-header-display":"","ast-hfb-mobile-header-display":"","site-post-title":"","ast-breadcrumbs-content":"","ast-featured-img":"","footer-sml-layout":"","ast-disable-related-posts":"","theme-transparent-header-meta":"","adv-header-id-meta":"","stick-header-meta":"","header-above-stick-meta":"","header-main-stick-meta":"","header-below-stick-meta":"","astra-migrate-meta-layouts":"default","ast-page-background-enabled":"default","ast-page-background-meta":{"desktop":{"background-color":"var(--ast-global-color-4)","background-image":"","background-repeat":"repeat","background-position":"center center","background-size":"auto","background-attachment":"scroll","background-type":"","background-media":"","overlay-type":"","overlay-color":"","overlay-opacity":"","overlay-gradient":""},"tablet":{"background-color":"","background-image":"","background-repeat":"repeat","background-position":"center center","background-size":"auto","background-attachment":"scroll","background-type":"","background-media":"","overlay-type":"","overlay-color":"","overlay-opacity":"","overlay-gradient":""},"mobile":{"background-color":"","background-image":"","background-repeat":"repeat","background-position":"center center","background-size":"auto","background-attachment":"scroll","background-type":"","background-media":"","overlay-type":"","overlay-color":"","overlay-opacity":"","overlay-gradient":""}},"ast-content-background-meta":{"desktop":{"background-color":"var(--ast-global-color-5)","background-image":"","background-repeat":"repeat","background-position":"center center","background-size":"auto","background-attachment":"scroll","background-type":"","background-media":"","overlay-type":"","overlay-color":"","overlay-opacity":"","overlay-gradient":""},"tablet":{"background-color":"var(--ast-global-color-5)","background-image":"","background-repeat":"repeat","background-position":"center center","background-size":"auto","background-attachment":"scroll","background-type":"","background-media":"","overlay-type":"","overlay-color":"","overlay-opacity":"","overlay-gradient":""},"mobile":{"background-color":"var(--ast-global-color-5)","background-image":"","background-repeat":"repeat","background-position":"center center","background-size":"auto","background-attachment":"scroll","background-type":"","background-media":"","overlay-type":"","overlay-color":"","overlay-opacity":"","overlay-gradient":""}},"footnotes":""},"class_list":["post-1320","page","type-page","status-publish","hentry"],"_links":{"self":[{"href":"https:\/\/cleliafarnoux.com\/index.php\/wp-json\/wp\/v2\/pages\/1320","targetHints":{"allow":["GET"]}}],"collection":[{"href":"https:\/\/cleliafarnoux.com\/index.php\/wp-json\/wp\/v2\/pages"}],"about":[{"href":"https:\/\/cleliafarnoux.com\/index.php\/wp-json\/wp\/v2\/types\/page"}],"author":[{"embeddable":true,"href":"https:\/\/cleliafarnoux.com\/index.php\/wp-json\/wp\/v2\/users\/1"}],"replies":[{"embeddable":true,"href":"https:\/\/cleliafarnoux.com\/index.php\/wp-json\/wp\/v2\/comments?post=1320"}],"version-history":[{"count":1,"href":"https:\/\/cleliafarnoux.com\/index.php\/wp-json\/wp\/v2\/pages\/1320\/revisions"}],"predecessor-version":[{"id":1684,"href":"https:\/\/cleliafarnoux.com\/index.php\/wp-json\/wp\/v2\/pages\/1320\/revisions\/1684"}],"wp:attachment":[{"href":"https:\/\/cleliafarnoux.com\/index.php\/wp-json\/wp\/v2\/media?parent=1320"}],"curies":[{"name":"wp","href":"https:\/\/api.w.org\/{rel}","templated":true}]}}