{"id":1840,"date":"2026-04-15T11:07:52","date_gmt":"2026-04-15T09:07:52","guid":{"rendered":"https:\/\/cleliafarnoux.com\/?page_id=1840"},"modified":"2026-04-15T11:07:52","modified_gmt":"2026-04-15T09:07:52","slug":"cv","status":"publish","type":"page","link":"https:\/\/cleliafarnoux.com\/index.php\/cv\/","title":{"rendered":"CV"},"content":{"rendered":"\n<ul class=\"wp-block-list\">\n<li>Participation \u00e0 la foire d\u2019art contemporain ArtUp ! \u00e0 Grenoble en avril 2024<\/li>\n\n\n\n<li>Auto\u00e9dition de l\u2019anthologie de textes M\u00e9moire Vive, 2019-2023<\/li>\n\n\n\n<li>Auto\u00e9dition du livre de photographies Street !<\/li>\n\n\n\n<li>M\u00e9moire sur la cr\u00e9ation et la mat\u00e9rialit\u00e9 du langage dans les espaces urbains et virtuels<\/li>\n\n\n\n<li>Participation \u00e0 l\u2019\u00e9v\u00e8nement de performances \u00ab Polyvalence Bord\u00e9lix \u00bb aux Laboratoires d\u2019Aubervilliers.<\/li>\n\n\n\n<li>Animation de workshop sur l\u2019\u00e9criture et l\u2019auto-gestion en \u00e9cole d\u2019art, sur une invitation de l\u2019ESAD Grenoble dans le cadre des journ\u00e9es \u00e9v\u00e8nement P\u00e9dagogies Critiques.<\/li>\n\n\n\n<li>Cr\u00e9ation d\u2019un atelier d\u2019\u00e9criture autog\u00e9r\u00e9, cr\u00e9dit\u00e9 \u00e0 l\u2019ESAD Valence (Tout Le Monde Sait Ecrire)<\/li>\n\n\n\n<li>Cr\u00e9ation de la fiction sonore Night Owl pour un \u00e9v\u00e8nement live avec Radio d\u2019Ici (Annonay), Radio M\u00e9ga (Valence) et le Groupe d\u2019art contemporain d\u2019Annonay (GAC)<\/li>\n\n\n\n<li>Participation \u00e0 l\u2019\u00e9criture du roman graphique Sous nos yeux, dirig\u00e9 par Marc Lain\u00e9, directeur de la Com\u00e9die de Valence, et Stephan Zimmerli, dessinateur et musicien.<\/li>\n\n\n\n<li>Cr\u00e9ation de contenu visuels et sonores, montage de la vid\u00e9o ZOOMOSA\u00cfQUE sur une invitation des Laboratoires d\u2019Aubervilliers en collaboration avec Alex Balgiu.<\/li>\n<\/ul>\n","protected":false},"excerpt":{"rendered":"","protected":false},"author":1,"featured_media":0,"parent":0,"menu_order":0,"comment_status":"closed","ping_status":"closed","template":"","meta":{"site-sidebar-layout":"default","site-content-layout":"","ast-site-content-layout":"default","site-content-style":"default","site-sidebar-style":"default","ast-global-header-display":"","ast-banner-title-visibility":"","ast-main-header-display":"","ast-hfb-above-header-display":"","ast-hfb-below-header-display":"","ast-hfb-mobile-header-display":"","site-post-title":"","ast-breadcrumbs-content":"","ast-featured-img":"","footer-sml-layout":"","ast-disable-related-posts":"","theme-transparent-header-meta":"","adv-header-id-meta":"","stick-header-meta":"","header-above-stick-meta":"","header-main-stick-meta":"","header-below-stick-meta":"","astra-migrate-meta-layouts":"default","ast-page-background-enabled":"default","ast-page-background-meta":{"desktop":{"background-color":"var(--ast-global-color-4)","background-image":"","background-repeat":"repeat","background-position":"center center","background-size":"auto","background-attachment":"scroll","background-type":"","background-media":"","overlay-type":"","overlay-color":"","overlay-opacity":"","overlay-gradient":""},"tablet":{"background-color":"","background-image":"","background-repeat":"repeat","background-position":"center center","background-size":"auto","background-attachment":"scroll","background-type":"","background-media":"","overlay-type":"","overlay-color":"","overlay-opacity":"","overlay-gradient":""},"mobile":{"background-color":"","background-image":"","background-repeat":"repeat","background-position":"center center","background-size":"auto","background-attachment":"scroll","background-type":"","background-media":"","overlay-type":"","overlay-color":"","overlay-opacity":"","overlay-gradient":""}},"ast-content-background-meta":{"desktop":{"background-color":"var(--ast-global-color-5)","background-image":"","background-repeat":"repeat","background-position":"center center","background-size":"auto","background-attachment":"scroll","background-type":"","background-media":"","overlay-type":"","overlay-color":"","overlay-opacity":"","overlay-gradient":""},"tablet":{"background-color":"var(--ast-global-color-5)","background-image":"","background-repeat":"repeat","background-position":"center center","background-size":"auto","background-attachment":"scroll","background-type":"","background-media":"","overlay-type":"","overlay-color":"","overlay-opacity":"","overlay-gradient":""},"mobile":{"background-color":"var(--ast-global-color-5)","background-image":"","background-repeat":"repeat","background-position":"center center","background-size":"auto","background-attachment":"scroll","background-type":"","background-media":"","overlay-type":"","overlay-color":"","overlay-opacity":"","overlay-gradient":""}},"footnotes":""},"class_list":["post-1840","page","type-page","status-publish","hentry"],"_links":{"self":[{"href":"https:\/\/cleliafarnoux.com\/index.php\/wp-json\/wp\/v2\/pages\/1840","targetHints":{"allow":["GET"]}}],"collection":[{"href":"https:\/\/cleliafarnoux.com\/index.php\/wp-json\/wp\/v2\/pages"}],"about":[{"href":"https:\/\/cleliafarnoux.com\/index.php\/wp-json\/wp\/v2\/types\/page"}],"author":[{"embeddable":true,"href":"https:\/\/cleliafarnoux.com\/index.php\/wp-json\/wp\/v2\/users\/1"}],"replies":[{"embeddable":true,"href":"https:\/\/cleliafarnoux.com\/index.php\/wp-json\/wp\/v2\/comments?post=1840"}],"version-history":[{"count":1,"href":"https:\/\/cleliafarnoux.com\/index.php\/wp-json\/wp\/v2\/pages\/1840\/revisions"}],"predecessor-version":[{"id":1841,"href":"https:\/\/cleliafarnoux.com\/index.php\/wp-json\/wp\/v2\/pages\/1840\/revisions\/1841"}],"wp:attachment":[{"href":"https:\/\/cleliafarnoux.com\/index.php\/wp-json\/wp\/v2\/media?parent=1840"}],"curies":[{"name":"wp","href":"https:\/\/api.w.org\/{rel}","templated":true}]}}