{"id":1248,"date":"2025-01-29T10:56:43","date_gmt":"2025-01-29T09:56:43","guid":{"rendered":"https:\/\/cleliafarnoux.com\/?post_type=product&#038;p=1248"},"modified":"2025-03-13T07:45:58","modified_gmt":"2025-03-13T06:45:58","slug":"peripheries","status":"publish","type":"product","link":"https:\/\/cleliafarnoux.com\/index.php\/produit\/peripheries\/","title":{"rendered":"P\u00e9riph\u00e9ries"},"content":{"rendered":"<p><img loading=\"lazy\" decoding=\"async\" class=\"alignnone size-medium wp-image-1246\" src=\"https:\/\/cleliafarnoux.com\/wp-content\/uploads\/2025\/01\/peripheries-800x585.jpg\" alt=\"\" width=\"800\" height=\"585\" srcset=\"https:\/\/cleliafarnoux.com\/wp-content\/uploads\/2025\/01\/peripheries-800x585.jpg 800w, https:\/\/cleliafarnoux.com\/wp-content\/uploads\/2025\/01\/peripheries-768x561.jpg 768w, https:\/\/cleliafarnoux.com\/wp-content\/uploads\/2025\/01\/peripheries-400x292.jpg 400w, https:\/\/cleliafarnoux.com\/wp-content\/uploads\/2025\/01\/peripheries.jpg 1200w\" sizes=\"auto, (max-width: 800px) 100vw, 800px\" \/><\/p>\n","protected":false},"excerpt":{"rendered":"<p>\u00ab Balade matinale entre les blocs de b\u00e9ton.<br \/>\nLeurs gros corps monopolisent l\u2019espace<br \/>\net produisent des sons de baleines.<br \/>\nLes d\u00e9tritus jonchent le sol pour dessiner des po\u00e8mes.<br \/>\nMalgr\u00e9 tout l\u2019herbe pousse encore<br \/>\nentre les sacs plastiques.<br \/>\nCohabitation forc\u00e9e dont il restera les traces \u00bb<br \/>\nExtrait du recueil de po\u00e8mes P\u00e9riph\u00e9ries, 2024<\/p>\n","protected":false},"featured_media":1246,"template":"","meta":{"site-sidebar-layout":"default","site-content-layout":"","ast-site-content-layout":"default","site-content-style":"default","site-sidebar-style":"default","ast-global-header-display":"","ast-banner-title-visibility":"","ast-main-header-display":"","ast-hfb-above-header-display":"","ast-hfb-below-header-display":"","ast-hfb-mobile-header-display":"","site-post-title":"","ast-breadcrumbs-content":"","ast-featured-img":"","footer-sml-layout":"","ast-disable-related-posts":"","theme-transparent-header-meta":"","adv-header-id-meta":"","stick-header-meta":"","header-above-stick-meta":"","header-main-stick-meta":"","header-below-stick-meta":"","astra-migrate-meta-layouts":"default","ast-page-background-enabled":"default","ast-page-background-meta":{"desktop":{"background-color":"var(--ast-global-color-4)","background-image":"","background-repeat":"repeat","background-position":"center center","background-size":"auto","background-attachment":"scroll","background-type":"","background-media":"","overlay-type":"","overlay-color":"","overlay-opacity":"","overlay-gradient":""},"tablet":{"background-color":"","background-image":"","background-repeat":"repeat","background-position":"center center","background-size":"auto","background-attachment":"scroll","background-type":"","background-media":"","overlay-type":"","overlay-color":"","overlay-opacity":"","overlay-gradient":""},"mobile":{"background-color":"","background-image":"","background-repeat":"repeat","background-position":"center center","background-size":"auto","background-attachment":"scroll","background-type":"","background-media":"","overlay-type":"","overlay-color":"","overlay-opacity":"","overlay-gradient":""}},"ast-content-background-meta":{"desktop":{"background-color":"var(--ast-global-color-5)","background-image":"","background-repeat":"repeat","background-position":"center center","background-size":"auto","background-attachment":"scroll","background-type":"","background-media":"","overlay-type":"","overlay-color":"","overlay-opacity":"","overlay-gradient":""},"tablet":{"background-color":"var(--ast-global-color-5)","background-image":"","background-repeat":"repeat","background-position":"center center","background-size":"auto","background-attachment":"scroll","background-type":"","background-media":"","overlay-type":"","overlay-color":"","overlay-opacity":"","overlay-gradient":""},"mobile":{"background-color":"var(--ast-global-color-5)","background-image":"","background-repeat":"repeat","background-position":"center center","background-size":"auto","background-attachment":"scroll","background-type":"","background-media":"","overlay-type":"","overlay-color":"","overlay-opacity":"","overlay-gradient":""}}},"product_brand":[],"product_cat":[88,87],"product_tag":[57,74,154,90,155,89,153],"class_list":{"0":"post-1248","1":"product","2":"type-product","3":"status-publish","4":"has-post-thumbnail","6":"product_cat-edition","7":"product_cat-livre","8":"product_tag-57","9":"product_tag-ecriture","10":"product_tag-litterature","11":"product_tag-livre","12":"product_tag-peripheries","13":"product_tag-poesie","14":"product_tag-texte","15":"desktop-align-center","16":"tablet-align-left","17":"mobile-align-left","19":"first","20":"instock","21":"shipping-taxable","22":"purchasable","23":"product-type-simple"},"_links":{"self":[{"href":"https:\/\/cleliafarnoux.com\/index.php\/wp-json\/wp\/v2\/product\/1248","targetHints":{"allow":["GET"]}}],"collection":[{"href":"https:\/\/cleliafarnoux.com\/index.php\/wp-json\/wp\/v2\/product"}],"about":[{"href":"https:\/\/cleliafarnoux.com\/index.php\/wp-json\/wp\/v2\/types\/product"}],"wp:featuredmedia":[{"embeddable":true,"href":"https:\/\/cleliafarnoux.com\/index.php\/wp-json\/wp\/v2\/media\/1246"}],"wp:attachment":[{"href":"https:\/\/cleliafarnoux.com\/index.php\/wp-json\/wp\/v2\/media?parent=1248"}],"wp:term":[{"taxonomy":"product_brand","embeddable":true,"href":"https:\/\/cleliafarnoux.com\/index.php\/wp-json\/wp\/v2\/product_brand?post=1248"},{"taxonomy":"product_cat","embeddable":true,"href":"https:\/\/cleliafarnoux.com\/index.php\/wp-json\/wp\/v2\/product_cat?post=1248"},{"taxonomy":"product_tag","embeddable":true,"href":"https:\/\/cleliafarnoux.com\/index.php\/wp-json\/wp\/v2\/product_tag?post=1248"}],"curies":[{"name":"wp","href":"https:\/\/api.w.org\/{rel}","templated":true}]}}